{"id":451,"date":"2020-10-07T04:37:57","date_gmt":"2020-10-07T04:37:57","guid":{"rendered":"http:\/\/jthemes.com\/themes\/wp\/novaro\/?page_id=451"},"modified":"2023-11-14T13:15:59","modified_gmt":"2023-11-14T13:15:59","slug":"home-page-15","status":"publish","type":"page","link":"https:\/\/zufiso.ch\/","title":{"rendered":"Home Page 15"},"content":{"rendered":"<div class=\"wpb-content-wrapper\"><p>[vc_row][vc_column][\/vc_column][\/vc_row][vc_row parallax_image_attachment=&#8221;inherit&#8221; el_id=&#8221;feature&#8221;][vc_column][vc_empty_space height=&#8221;50px&#8221;][\/vc_column][\/vc_row][vc_row parallax_image_attachment=&#8221;inherit&#8221; el_id=&#8221;why_novaro&#8221;][vc_column][novaro_feature_section template_file=&#8221;sections\/feature-7.php&#8221; disable_title=&#8221;&#8221; title=&#8221;Z\u00fcrich Financial Solutions GmbH&#8221; title_font_container=&#8221;tag:h2|size:xs|text_underline:none|text_bg:bg-tra|&#8221; disable_subtitle=&#8221;&#8221; subtitle=&#8221;Hier eine \u00dcbersicht \u00fcber unsere Dienstleistungen und L\u00f6sungen. Wir stehen bei Fragen und Anregungen gerne Zur Verf\u00fcgung.&#8221; features_group=&#8221;%5B%7B%22icon_type%22%3A%22icon%22%2C%22fbox_img%22%3A%22https%3A%2F%2Fzufiso.ch%2Fwp-content%2Fuploads%2F2020%2F10%2Fzufiso-logo-gross.png%22%2C%22fbox_title%22%3A%22Steuern59.ch%22%2C%22fbox_subtitle%22%3A%22Unsere%20R%C3%A4umlichkeiten%20%20an%20der%20Badenerstrasse%20738%2C%208048%20Z%C3%BCrich.%20%5Cn%22%2C%22extra_class%22%3A%22ico-bg-snow%22%7D%2C%7B%22icon_type%22%3A%22icon%22%2C%22fbox_img%22%3A%22https%3A%2F%2Fzufiso.ch%2Fwp-content%2Fuploads%2F2021%2F06%2Fvnech-tee-green-1.jpg%22%2C%22fbox_title%22%3A%22taxley.ch%22%2C%22fbox_subtitle%22%3A%22Die%20Online%20App%20f%C3%BCr%20Ihre%20Steuererkl%C3%A4rung%2C%20unsere%20digitale%20L%C3%B6sung.%20%5Cn%22%2C%22extra_class%22%3A%22ico-bg-snow%22%7D%2C%7B%22icon_type%22%3A%22icon%22%2C%22fbox_img%22%3A%22https%3A%2F%2Fzufiso.ch%2Fwp-content%2Fthemes%2Fnovaro%2Fassets%2Fimages%2Fstep-3.png%22%2C%22fbox_title%22%3A%22smartpayroll.ch%22%2C%22fbox_subtitle%22%3A%22Die%20Online-L%C3%B6sung%20f%C3%BCr%20die%20Abwicklung%20Ihrer%20L%C3%B6hne%2C%20einfach%2C%20%C3%BCbersichtlich.%20%5Cn%22%2C%22extra_class%22%3A%22ico-bg-snow%22%7D%2C%7B%22icon_type%22%3A%22icon%22%2C%22fbox_title%22%3A%22Kontakt%22%2C%22fbox_subtitle%22%3A%22Kontaktieren%20sie%20uns.%20%22%2C%22extra_class%22%3A%22ico-bg-snow%22%7D%5D&#8221; css_animation=&#8221;fadeInUp&#8221; column_animation=&#8221;yes&#8221; css_animation2=&#8221;fadeInUp&#8221; section_style=&#8221;7&#8243; bg_attachment=&#8221;&#8221; bg_class=&#8221;bg-tra-dark&#8221;][\/vc_column][\/vc_row][vc_row parallax_image_attachment=&#8221;inherit&#8221; el_id=&#8221;best_solutions&#8221;][vc_column][novaro_content_section template_file=&#8221;sections\/content-14.php&#8221; enable_section_img=&#8221;yes&#8221; extra_class=&#8221;txt-block-logo text-center&#8221; image_classes=&#8221;img-55&#8243; image_src=&#8221;&#8221; external_image_alt=&#8221;content-icon&#8221; content_extra_class=&#8221;pl-20&#8243; title=&#8221;&#8221; title_font_container=&#8221;tag:p|size:lg|text_underline:none|text_bg:bg-tra|extra_class:txt-600|&#8221; disable_subtitle=&#8221;&#8221; subtitle=&#8221;&#8221; subtitle_font_container=&#8221;tag:p|text_underline:none|text_bg:bg-tra|&#8221; disable_leadtext=&#8221;yes&#8221; section_style=&#8221;14&#8243; bg_attachment=&#8221;&#8221; bg_class=&#8221;bg-tra-dark&#8221; el_class=&#8221;bg-blue white-color bg-pattern&#8221;][\/vc_column][\/vc_row][vc_row parallax_image_attachment=&#8221;inherit&#8221; el_id=&#8221;start_free_trial&#8221;][vc_column][\/vc_column][\/vc_row][vc_row][vc_column][\/vc_column][\/vc_row][vc_row parallax_image_attachment=&#8221;inherit&#8221; el_id=&#8221;testimonials&#8221;][vc_column][\/vc_column][\/vc_row][vc_row][vc_column][\/vc_column][\/vc_row][vc_row][vc_column][\/vc_column][\/vc_row][vc_row parallax_image_attachment=&#8221;inherit&#8221; el_id=&#8221;faqs&#8221;][vc_column][\/vc_column][\/vc_row][vc_row][vc_column][\/vc_column][\/vc_row][vc_row][vc_column][\/vc_column][\/vc_row]<\/p>\n<\/div>","protected":false},"excerpt":{"rendered":"<p>[vc_row][vc_column][\/vc_column][\/vc_row][vc_row parallax_image_attachment=&#8221;inherit&#8221; el_id=&#8221;feature&#8221;][vc_column][vc_empty_space height=&#8221;50px&#8221;][\/vc_column][\/vc_row][vc_row parallax_image_attachment=&#8221;inherit&#8221; el_id=&#8221;why_novaro&#8221;][vc_column][novaro_feature_section template_file=&#8221;sections\/feature-7.php&#8221; disable_title=&#8221;&#8221; title=&#8221;Z\u00fcrich Financial Solutions GmbH&#8221; title_font_container=&#8221;tag:h2|size:xs|text_underline:none|text_bg:bg-tra|&#8221; disable_subtitle=&#8221;&#8221; subtitle=&#8221;Hier eine \u00dcbersicht \u00fcber unsere Dienstleistungen und L\u00f6sungen. Wir stehen bei Fragen und Anregungen gerne Zur Verf\u00fcgung.&#8221; features_group=&#8221;%5B%7B%22icon_type%22%3A%22icon%22%2C%22fbox_img%22%3A%22https%3A%2F%2Fzufiso.ch%2Fwp-content%2Fuploads%2F2020%2F10%2Fzufiso-logo-gross.png%22%2C%22fbox_title%22%3A%22Steuern59.ch%22%2C%22fbox_subtitle%22%3A%22Unsere%20R%C3%A4umlichkeiten%20%20an%20der%20Badenerstrasse%20738%2C%208048%20Z%C3%BCrich.%20%5Cn%22%2C%22extra_class%22%3A%22ico-bg-snow%22%7D%2C%7B%22icon_type%22%3A%22icon%22%2C%22fbox_img%22%3A%22https%3A%2F%2Fzufiso.ch%2Fwp-content%2Fuploads%2F2021%2F06%2Fvnech-tee-green-1.jpg%22%2C%22fbox_title%22%3A%22taxley.ch%22%2C%22fbox_subtitle%22%3A%22Die%20Online%20App%20f%C3%BCr%20Ihre%20Steuererkl%C3%A4rung%2C%20unsere%20digitale%20L%C3%B6sung.%20%5Cn%22%2C%22extra_class%22%3A%22ico-bg-snow%22%7D%2C%7B%22icon_type%22%3A%22icon%22%2C%22fbox_img%22%3A%22https%3A%2F%2Fzufiso.ch%2Fwp-content%2Fthemes%2Fnovaro%2Fassets%2Fimages%2Fstep-3.png%22%2C%22fbox_title%22%3A%22smartpayroll.ch%22%2C%22fbox_subtitle%22%3A%22Die%20Online-L%C3%B6sung%20f%C3%BCr%20die%20Abwicklung%20Ihrer%20L%C3%B6hne%2C%20einfach%2C%20%C3%BCbersichtlich.%20%5Cn%22%2C%22extra_class%22%3A%22ico-bg-snow%22%7D%2C%7B%22icon_type%22%3A%22icon%22%2C%22fbox_title%22%3A%22Kontakt%22%2C%22fbox_subtitle%22%3A%22Kontaktieren%20sie%20uns.%20%22%2C%22extra_class%22%3A%22ico-bg-snow%22%7D%5D&#8221; css_animation=&#8221;fadeInUp&#8221; column_animation=&#8221;yes&#8221; css_animation2=&#8221;fadeInUp&#8221; section_style=&#8221;7&#8243; bg_attachment=&#8221;&#8221; bg_class=&#8221;bg-tra-dark&#8221;][\/vc_column][\/vc_row][vc_row parallax_image_attachment=&#8221;inherit&#8221; el_id=&#8221;best_solutions&#8221;][vc_column][novaro_content_section template_file=&#8221;sections\/content-14.php&#8221; enable_section_img=&#8221;yes&#8221; extra_class=&#8221;txt-block-logo text-center&#8221; image_classes=&#8221;img-55&#8243; image_src=&#8221;&#8221; external_image_alt=&#8221;content-icon&#8221; content_extra_class=&#8221;pl-20&#8243; title=&#8221;&#8221; title_font_container=&#8221;tag:p|size:lg|text_underline:none|text_bg:bg-tra|extra_class:txt-600|&#8221; disable_subtitle=&#8221;&#8221; subtitle=&#8221;&#8221; subtitle_font_container=&#8221;tag:p|text_underline:none|text_bg:bg-tra|&#8221; disable_leadtext=&#8221;yes&#8221; section_style=&#8221;14&#8243; [&hellip;]<\/p>\n","protected":false},"author":1,"featured_media":0,"parent":0,"menu_order":0,"comment_status":"closed","ping_status":"closed","template":"templates\/landing-page-template.php","meta":{"footnotes":""},"post_mailing_queue_ids":[],"_links":{"self":[{"href":"https:\/\/zufiso.ch\/index.php?rest_route=\/wp\/v2\/pages\/451"}],"collection":[{"href":"https:\/\/zufiso.ch\/index.php?rest_route=\/wp\/v2\/pages"}],"about":[{"href":"https:\/\/zufiso.ch\/index.php?rest_route=\/wp\/v2\/types\/page"}],"author":[{"embeddable":true,"href":"https:\/\/zufiso.ch\/index.php?rest_route=\/wp\/v2\/users\/1"}],"replies":[{"embeddable":true,"href":"https:\/\/zufiso.ch\/index.php?rest_route=%2Fwp%2Fv2%2Fcomments&post=451"}],"version-history":[{"count":5,"href":"https:\/\/zufiso.ch\/index.php?rest_route=\/wp\/v2\/pages\/451\/revisions"}],"predecessor-version":[{"id":2784,"href":"https:\/\/zufiso.ch\/index.php?rest_route=\/wp\/v2\/pages\/451\/revisions\/2784"}],"wp:attachment":[{"href":"https:\/\/zufiso.ch\/index.php?rest_route=%2Fwp%2Fv2%2Fmedia&parent=451"}],"curies":[{"name":"wp","href":"https:\/\/api.w.org\/{rel}","templated":true}]}}